{"id":23,"date":"2025-03-12T14:36:08","date_gmt":"2025-03-12T14:36:08","guid":{"rendered":"https:\/\/bvisuals.rkinformatika.online\/?page_id=23"},"modified":"2025-05-02T08:57:44","modified_gmt":"2025-05-02T08:57:44","slug":"inicio","status":"publish","type":"page","link":"https:\/\/brrvisuals.es\/en\/","title":{"rendered":"HOME"},"content":{"rendered":"<div data-elementor-type=\"wp-post\" data-elementor-id=\"23\" class=\"elementor elementor-23\" data-elementor-post-type=\"page\">\n\t\t\t\t<div class=\"elementor-element elementor-element-78ad393 e-flex e-con-boxed e-con e-parent\" data-id=\"78ad393\" data-element_type=\"container\" data-e-type=\"container\">\n\t\t\t\t\t<div class=\"e-con-inner\">\n\t\t\t\t<div class=\"elementor-element elementor-element-1936f94 elementor-widget elementor-widget-heading\" data-id=\"1936f94\" data-element_type=\"widget\" data-e-type=\"widget\" data-widget_type=\"heading.default\">\n\t\t\t\t<div class=\"elementor-widget-container\">\n\t\t\t\t\t<h3 class=\"elementor-heading-title elementor-size-default\">About BVISUALS<\/h3>\t\t\t\t<\/div>\n\t\t\t\t<\/div>\n\t\t\t\t\t<\/div>\n\t\t\t\t<\/div>\n\t\t<div class=\"elementor-element elementor-element-9edc471 e-flex e-con-boxed e-con e-parent\" data-id=\"9edc471\" data-element_type=\"container\" data-e-type=\"container\">\n\t\t\t\t\t<div class=\"e-con-inner\">\n\t\t<div class=\"elementor-element elementor-element-aa1fd7a e-con-full e-flex e-con e-child\" data-id=\"aa1fd7a\" data-element_type=\"container\" data-e-type=\"container\">\n\t\t\t\t<div class=\"elementor-element elementor-element-6465918 elementor-arrows-position-inside elementor-pagination-position-outside elementor-widget elementor-widget-image-carousel\" data-id=\"6465918\" data-element_type=\"widget\" data-e-type=\"widget\" data-settings=\"{&quot;navigation&quot;:&quot;both&quot;,&quot;autoplay&quot;:&quot;yes&quot;,&quot;autoplay_speed&quot;:5000,&quot;infinite&quot;:&quot;yes&quot;,&quot;speed&quot;:500}\" data-widget_type=\"image-carousel.default\">\n\t\t\t\t<div class=\"elementor-widget-container\">\n\t\t\t\t\t\t\t<div class=\"elementor-image-carousel-wrapper swiper\" role=\"region\" aria-roledescription=\"carousel\" aria-label=\"Carrusel de im\u00e1genes\" dir=\"ltr\">\n\t\t\t<div class=\"elementor-image-carousel swiper-wrapper\" aria-live=\"off\">\n\t\t\t\t\t\t\t\t<div class=\"swiper-slide\" role=\"group\" aria-roledescription=\"slide\" aria-label=\"1 de 6\"><a data-elementor-open-lightbox=\"yes\" data-elementor-lightbox-slideshow=\"6465918\" data-elementor-lightbox-title=\"BVisualschimenea\" data-e-action-hash=\"#elementor-action%3Aaction%3Dlightbox%26settings%3DeyJpZCI6MjA5LCJ1cmwiOiJodHRwczpcL1wvYnJydmlzdWFscy5lc1wvd3AtY29udGVudFwvdXBsb2Fkc1wvMjAyNVwvMDNcL0JWaXN1YWxzY2hpbWVuZWEuanBnIiwic2xpZGVzaG93IjoiNjQ2NTkxOCJ9\" href=\"https:\/\/brrvisuals.es\/wp-content\/uploads\/2025\/03\/BVisualschimenea.jpg\"><figure class=\"swiper-slide-inner\"><img decoding=\"async\" class=\"swiper-slide-image\" src=\"https:\/\/brrvisuals.es\/wp-content\/uploads\/elementor\/thumbs\/BVisualschimenea-r2rdn2oou5ys6wniw54iqi2hphav8hn0x54ps8zl3c.jpg\" alt=\"BVisualschimenea\" \/><\/figure><\/a><\/div><div class=\"swiper-slide\" role=\"group\" aria-roledescription=\"slide\" aria-label=\"2 de 6\"><a data-elementor-open-lightbox=\"yes\" data-elementor-lightbox-slideshow=\"6465918\" data-elementor-lightbox-title=\"bvisualsmonasterio\" data-e-action-hash=\"#elementor-action%3Aaction%3Dlightbox%26settings%3DeyJpZCI6MjI5LCJ1cmwiOiJodHRwczpcL1wvYnJydmlzdWFscy5lc1wvd3AtY29udGVudFwvdXBsb2Fkc1wvMjAyNVwvMDNcL2J2aXN1YWxzbW9uYXN0ZXJpby5qcGciLCJzbGlkZXNob3ciOiI2NDY1OTE4In0%3D\" href=\"https:\/\/brrvisuals.es\/wp-content\/uploads\/2025\/03\/bvisualsmonasterio.jpg\"><figure class=\"swiper-slide-inner\"><img decoding=\"async\" class=\"swiper-slide-image\" src=\"https:\/\/brrvisuals.es\/wp-content\/uploads\/elementor\/thumbs\/bvisualsmonasterio-r2recvd8eha2tn6k9ajx5zpwm65ihg1tstofxmqmbs.jpg\" alt=\"bvisualsmonasterio\" \/><\/figure><\/a><\/div><div class=\"swiper-slide\" role=\"group\" aria-roledescription=\"slide\" aria-label=\"3 de 6\"><a data-elementor-open-lightbox=\"yes\" data-elementor-lightbox-slideshow=\"6465918\" data-elementor-lightbox-title=\"ProyectoBVisualsDespacho1\" data-e-action-hash=\"#elementor-action%3Aaction%3Dlightbox%26settings%3DeyJpZCI6MTQwLCJ1cmwiOiJodHRwczpcL1wvYnJydmlzdWFscy5lc1wvd3AtY29udGVudFwvdXBsb2Fkc1wvMjAyNVwvMDNcL1Byb3llY3RvQlZpc3VhbHNEZXNwYWNobzEuanBnIiwic2xpZGVzaG93IjoiNjQ2NTkxOCJ9\" href=\"https:\/\/brrvisuals.es\/wp-content\/uploads\/2025\/03\/ProyectoBVisualsDespacho1.jpg\"><figure class=\"swiper-slide-inner\"><img decoding=\"async\" class=\"swiper-slide-image\" src=\"https:\/\/brrvisuals.es\/wp-content\/uploads\/elementor\/thumbs\/ProyectoBVisualsDespacho1-r2rbkw97huf5yqeh1ktfgpxy1sx2se5lpzq9d4z24o.jpg\" alt=\"ProyectoBVisualsDespacho1\" \/><\/figure><\/a><\/div><div class=\"swiper-slide\" role=\"group\" aria-roledescription=\"slide\" aria-label=\"4 de 6\"><a data-elementor-open-lightbox=\"yes\" data-elementor-lightbox-slideshow=\"6465918\" data-elementor-lightbox-title=\"bvisualscasa7\" data-e-action-hash=\"#elementor-action%3Aaction%3Dlightbox%26settings%3DeyJpZCI6MjI2LCJ1cmwiOiJodHRwczpcL1wvYnJydmlzdWFscy5lc1wvd3AtY29udGVudFwvdXBsb2Fkc1wvMjAyNVwvMDNcL2J2aXN1YWxzY2FzYTcuanBnIiwic2xpZGVzaG93IjoiNjQ2NTkxOCJ9\" href=\"https:\/\/brrvisuals.es\/wp-content\/uploads\/2025\/03\/bvisualscasa7.jpg\"><figure class=\"swiper-slide-inner\"><img decoding=\"async\" class=\"swiper-slide-image\" src=\"https:\/\/brrvisuals.es\/wp-content\/uploads\/elementor\/thumbs\/bvisualscasa7-r2re9sga0128rnno8ylxzrpiipc795ti1kp5azb2q0.jpg\" alt=\"bvisualscasa7\" \/><\/figure><\/a><\/div><div class=\"swiper-slide\" role=\"group\" aria-roledescription=\"slide\" aria-label=\"5 de 6\"><a data-elementor-open-lightbox=\"yes\" data-elementor-lightbox-slideshow=\"6465918\" data-elementor-lightbox-title=\"proyextoBvisualsSalon1\" data-e-action-hash=\"#elementor-action%3Aaction%3Dlightbox%26settings%3DeyJpZCI6MjA1LCJ1cmwiOiJodHRwczpcL1wvYnJydmlzdWFscy5lc1wvd3AtY29udGVudFwvdXBsb2Fkc1wvMjAyNVwvMDNcL3Byb3lleHRvQnZpc3VhbHNTYWxvbjEuanBnIiwic2xpZGVzaG93IjoiNjQ2NTkxOCJ9\" href=\"https:\/\/brrvisuals.es\/wp-content\/uploads\/2025\/03\/proyextoBvisualsSalon1.jpg\"><figure class=\"swiper-slide-inner\"><img decoding=\"async\" class=\"swiper-slide-image\" src=\"https:\/\/brrvisuals.es\/wp-content\/uploads\/elementor\/thumbs\/proyextoBvisualsSalon1-r2rdirlbii2gz8wt1s32t37fowjayfjbbthllldjm0.jpg\" alt=\"proyextoBvisualsSalon1\" \/><\/figure><\/a><\/div><div class=\"swiper-slide\" role=\"group\" aria-roledescription=\"slide\" aria-label=\"6 de 6\"><a data-elementor-open-lightbox=\"yes\" data-elementor-lightbox-slideshow=\"6465918\" data-elementor-lightbox-title=\"bvisualscasa4\" data-e-action-hash=\"#elementor-action%3Aaction%3Dlightbox%26settings%3DeyJpZCI6MjE4LCJ1cmwiOiJodHRwczpcL1wvYnJydmlzdWFscy5lc1wvd3AtY29udGVudFwvdXBsb2Fkc1wvMjAyNVwvMDNcL2J2aXN1YWxzY2FzYTQuanBnIiwic2xpZGVzaG93IjoiNjQ2NTkxOCJ9\" href=\"https:\/\/brrvisuals.es\/wp-content\/uploads\/2025\/03\/bvisualscasa4.jpg\"><figure class=\"swiper-slide-inner\"><img decoding=\"async\" class=\"swiper-slide-image\" src=\"https:\/\/brrvisuals.es\/wp-content\/uploads\/elementor\/thumbs\/bvisualscasa4-r2re42lmfb8g51yomzmnbpnkfbitfg4a99tt7dsako.jpg\" alt=\"bvisualscasa4\" \/><\/figure><\/a><\/div>\t\t\t<\/div>\n\t\t\t\t\t\t\t\t\t\t\t\t<div class=\"elementor-swiper-button elementor-swiper-button-prev\" role=\"button\" tabindex=\"0\">\n\t\t\t\t\t\t<svg aria-hidden=\"true\" class=\"e-font-icon-svg e-eicon-chevron-left\" viewbox=\"0 0 1000 1000\" xmlns=\"http:\/\/www.w3.org\/2000\/svg\"><path d=\"M646 125C629 125 613 133 604 142L308 442C296 454 292 471 292 487 292 504 296 521 308 533L604 854C617 867 629 875 646 875 663 875 679 871 692 858 704 846 713 829 713 812 713 796 708 779 692 767L438 487 692 225C700 217 708 204 708 187 708 171 704 154 692 142 675 129 663 125 646 125Z\"><\/path><\/svg>\t\t\t\t\t<\/div>\n\t\t\t\t\t<div class=\"elementor-swiper-button elementor-swiper-button-next\" role=\"button\" tabindex=\"0\">\n\t\t\t\t\t\t<svg aria-hidden=\"true\" class=\"e-font-icon-svg e-eicon-chevron-right\" viewbox=\"0 0 1000 1000\" xmlns=\"http:\/\/www.w3.org\/2000\/svg\"><path d=\"M696 533C708 521 713 504 713 487 713 471 708 454 696 446L400 146C388 133 375 125 354 125 338 125 325 129 313 142 300 154 292 171 292 187 292 204 296 221 308 233L563 492 304 771C292 783 288 800 288 817 288 833 296 850 308 863 321 871 338 875 354 875 371 875 388 867 400 854L696 533Z\"><\/path><\/svg>\t\t\t\t\t<\/div>\n\t\t\t\t\n\t\t\t\t\t\t\t\t\t<div class=\"swiper-pagination\"><\/div>\n\t\t\t\t\t\t\t\t\t<\/div>\n\t\t\t\t\t\t<\/div>\n\t\t\t\t<\/div>\n\t\t\t\t<div class=\"elementor-element elementor-element-8d1c55d elementor-arrows-position-inside elementor-pagination-position-outside elementor-widget elementor-widget-image-carousel\" data-id=\"8d1c55d\" data-element_type=\"widget\" data-e-type=\"widget\" data-settings=\"{&quot;slides_to_show&quot;:&quot;1&quot;,&quot;navigation&quot;:&quot;both&quot;,&quot;autoplay&quot;:&quot;yes&quot;,&quot;pause_on_hover&quot;:&quot;yes&quot;,&quot;pause_on_interaction&quot;:&quot;yes&quot;,&quot;autoplay_speed&quot;:5000,&quot;infinite&quot;:&quot;yes&quot;,&quot;effect&quot;:&quot;slide&quot;,&quot;speed&quot;:500}\" data-widget_type=\"image-carousel.default\">\n\t\t\t\t<div class=\"elementor-widget-container\">\n\t\t\t\t\t\t\t<div class=\"elementor-image-carousel-wrapper swiper\" role=\"region\" aria-roledescription=\"carousel\" aria-label=\"Carrusel de im\u00e1genes\" dir=\"ltr\">\n\t\t\t<div class=\"elementor-image-carousel swiper-wrapper\" aria-live=\"off\">\n\t\t\t\t\t\t\t\t<div class=\"swiper-slide\" role=\"group\" aria-roledescription=\"slide\" aria-label=\"1 de 3\"><figure class=\"swiper-slide-inner\"><img decoding=\"async\" class=\"swiper-slide-image\" src=\"https:\/\/brrvisuals.es\/wp-content\/uploads\/2025\/03\/ProyectoBVisualsMobiliario2-819x1024.jpg\" alt=\"ProyectoBVisualsMobiliario2\" \/><\/figure><\/div><div class=\"swiper-slide\" role=\"group\" aria-roledescription=\"slide\" aria-label=\"2 de 3\"><figure class=\"swiper-slide-inner\"><img decoding=\"async\" class=\"swiper-slide-image\" src=\"https:\/\/brrvisuals.es\/wp-content\/uploads\/2025\/03\/ProyectoBVisualsMobiliario-1-819x1024.jpg\" alt=\"ProyectoBVisualsMobiliario\" \/><\/figure><\/div><div class=\"swiper-slide\" role=\"group\" aria-roledescription=\"slide\" aria-label=\"3 de 3\"><figure class=\"swiper-slide-inner\"><img decoding=\"async\" class=\"swiper-slide-image\" src=\"https:\/\/brrvisuals.es\/wp-content\/uploads\/2025\/03\/proyectoBVisualsMobiliario3-819x1024.jpg\" alt=\"proyectoBVisualsMobiliario3\" \/><\/figure><\/div>\t\t\t<\/div>\n\t\t\t\t\t\t\t\t\t\t\t\t<div class=\"elementor-swiper-button elementor-swiper-button-prev\" role=\"button\" tabindex=\"0\">\n\t\t\t\t\t\t<svg aria-hidden=\"true\" class=\"e-font-icon-svg e-eicon-chevron-left\" viewbox=\"0 0 1000 1000\" xmlns=\"http:\/\/www.w3.org\/2000\/svg\"><path d=\"M646 125C629 125 613 133 604 142L308 442C296 454 292 471 292 487 292 504 296 521 308 533L604 854C617 867 629 875 646 875 663 875 679 871 692 858 704 846 713 829 713 812 713 796 708 779 692 767L438 487 692 225C700 217 708 204 708 187 708 171 704 154 692 142 675 129 663 125 646 125Z\"><\/path><\/svg>\t\t\t\t\t<\/div>\n\t\t\t\t\t<div class=\"elementor-swiper-button elementor-swiper-button-next\" role=\"button\" tabindex=\"0\">\n\t\t\t\t\t\t<svg aria-hidden=\"true\" class=\"e-font-icon-svg e-eicon-chevron-right\" viewbox=\"0 0 1000 1000\" xmlns=\"http:\/\/www.w3.org\/2000\/svg\"><path d=\"M696 533C708 521 713 504 713 487 713 471 708 454 696 446L400 146C388 133 375 125 354 125 338 125 325 129 313 142 300 154 292 171 292 187 292 204 296 221 308 233L563 492 304 771C292 783 288 800 288 817 288 833 296 850 308 863 321 871 338 875 354 875 371 875 388 867 400 854L696 533Z\"><\/path><\/svg>\t\t\t\t\t<\/div>\n\t\t\t\t\n\t\t\t\t\t\t\t\t\t<div class=\"swiper-pagination\"><\/div>\n\t\t\t\t\t\t\t\t\t<\/div>\n\t\t\t\t\t\t<\/div>\n\t\t\t\t<\/div>\n\t\t\t\t<\/div>\n\t\t<div class=\"elementor-element elementor-element-061e286 e-con-full e-flex e-con e-child\" data-id=\"061e286\" data-element_type=\"container\" data-e-type=\"container\">\n\t\t\t\t<div class=\"elementor-element elementor-element-b0ef5ff elementor-widget elementor-widget-heading\" data-id=\"b0ef5ff\" data-element_type=\"widget\" data-e-type=\"widget\" data-widget_type=\"heading.default\">\n\t\t\t\t<div class=\"elementor-widget-container\">\n\t\t\t\t\t<h3 class=\"elementor-heading-title elementor-size-default\">Get to know us <\/h3>\t\t\t\t<\/div>\n\t\t\t\t<\/div>\n\t\t\t\t<div class=\"elementor-element elementor-element-cabd519 elementor-widget elementor-widget-text-editor\" data-id=\"cabd519\" data-element_type=\"widget\" data-e-type=\"widget\" data-widget_type=\"text-editor.default\">\n\t\t\t\t<div class=\"elementor-widget-container\">\n\t\t\t\t\t\t\t\t\t<p>At bvisuals, we help you showcase your projects through impactful images.<br \/>We are architects specialized in 3D visualization, both architectural and<br \/>product.<br \/>We work hand in hand with architectural studios and different professionals to<br \/>to convey the soul of your projects and ideas through our images.<\/p>\t\t\t\t\t\t\t\t<\/div>\n\t\t\t\t<\/div>\n\t\t\t\t<\/div>\n\t\t\t\t\t<\/div>\n\t\t\t\t<\/div>\n\t\t\t\t<\/div>","protected":false},"excerpt":{"rendered":"<p>Sobre BVISUALS Conocenos En bvisuals te ayudamos a contar tus proyectos a trav\u00e9s de im\u00e1genes impactantes.Somos arquitectos especializados en visualizaci\u00f3n 3D, tanto de arquitectura comoproducto.Trabajamos mano a mano con estudios de arquitectura y diferentes profesionales paralograr transmitir el alma de sus proyectos e ideas a trav\u00e9s de nuestras im\u00e1genes.<\/p>","protected":false},"author":1,"featured_media":0,"parent":0,"menu_order":0,"comment_status":"closed","ping_status":"closed","template":"elementor_canvas","meta":{"footnotes":""},"class_list":["post-23","page","type-page","status-publish","hentry"],"yoast_head":"<!-- This site is optimized with the Yoast SEO plugin v27.4 - https:\/\/yoast.com\/product\/yoast-seo-wordpress\/ -->\n<title>INICIO - BVISUALS<\/title>\n<meta name=\"robots\" content=\"index, follow, max-snippet:-1, max-image-preview:large, max-video-preview:-1\" \/>\n<link rel=\"canonical\" href=\"https:\/\/brrvisuals.es\/en\/\" \/>\n<meta property=\"og:locale\" content=\"en_US\" \/>\n<meta property=\"og:type\" content=\"article\" \/>\n<meta property=\"og:title\" content=\"INICIO - BVISUALS\" \/>\n<meta property=\"og:description\" content=\"Sobre BVISUALS Conocenos En bvisuals te ayudamos a contar tus proyectos a trav\u00e9s de im\u00e1genes impactantes.Somos arquitectos especializados en visualizaci\u00f3n 3D, tanto de arquitectura comoproducto.Trabajamos mano a mano con estudios de arquitectura y diferentes profesionales paralograr transmitir el alma de sus proyectos e ideas a trav\u00e9s de nuestras im\u00e1genes.\" \/>\n<meta property=\"og:url\" content=\"https:\/\/brrvisuals.es\/en\/\" \/>\n<meta property=\"og:site_name\" content=\"BVISUALS\" \/>\n<meta property=\"article:modified_time\" content=\"2025-05-02T08:57:44+00:00\" \/>\n<meta property=\"og:image\" content=\"https:\/\/brrvisuals.es\/wp-content\/uploads\/elementor\/thumbs\/BVisualschimenea-r2rdn2oou5ys6wniw54iqi2hphav8hn0x54ps8zl3c.jpg\" \/>\n<meta name=\"twitter:card\" content=\"summary_large_image\" \/>\n<meta name=\"twitter:label1\" content=\"Est. reading time\" \/>\n\t<meta name=\"twitter:data1\" content=\"4 minutes\" \/>\n<script type=\"application\/ld+json\" class=\"yoast-schema-graph\">{\"@context\":\"https:\\\/\\\/schema.org\",\"@graph\":[{\"@type\":\"WebPage\",\"@id\":\"https:\\\/\\\/brrvisuals.es\\\/\",\"url\":\"https:\\\/\\\/brrvisuals.es\\\/\",\"name\":\"INICIO - BVISUALS\",\"isPartOf\":{\"@id\":\"https:\\\/\\\/brrvisuals.es\\\/#website\"},\"primaryImageOfPage\":{\"@id\":\"https:\\\/\\\/brrvisuals.es\\\/#primaryimage\"},\"image\":{\"@id\":\"https:\\\/\\\/brrvisuals.es\\\/#primaryimage\"},\"thumbnailUrl\":\"https:\\\/\\\/brrvisuals.es\\\/wp-content\\\/uploads\\\/elementor\\\/thumbs\\\/BVisualschimenea-r2rdn2oou5ys6wniw54iqi2hphav8hn0x54ps8zl3c.jpg\",\"datePublished\":\"2025-03-12T14:36:08+00:00\",\"dateModified\":\"2025-05-02T08:57:44+00:00\",\"breadcrumb\":{\"@id\":\"https:\\\/\\\/brrvisuals.es\\\/#breadcrumb\"},\"inLanguage\":\"en-US\",\"potentialAction\":[{\"@type\":\"ReadAction\",\"target\":[\"https:\\\/\\\/brrvisuals.es\\\/\"]}]},{\"@type\":\"ImageObject\",\"inLanguage\":\"en-US\",\"@id\":\"https:\\\/\\\/brrvisuals.es\\\/#primaryimage\",\"url\":\"https:\\\/\\\/brrvisuals.es\\\/wp-content\\\/uploads\\\/elementor\\\/thumbs\\\/BVisualschimenea-r2rdn2oou5ys6wniw54iqi2hphav8hn0x54ps8zl3c.jpg\",\"contentUrl\":\"https:\\\/\\\/brrvisuals.es\\\/wp-content\\\/uploads\\\/elementor\\\/thumbs\\\/BVisualschimenea-r2rdn2oou5ys6wniw54iqi2hphav8hn0x54ps8zl3c.jpg\"},{\"@type\":\"BreadcrumbList\",\"@id\":\"https:\\\/\\\/brrvisuals.es\\\/#breadcrumb\",\"itemListElement\":[{\"@type\":\"ListItem\",\"position\":1,\"name\":\"Portada\",\"item\":\"https:\\\/\\\/brrvisuals.es\\\/\"},{\"@type\":\"ListItem\",\"position\":2,\"name\":\"INICIO\"}]},{\"@type\":\"WebSite\",\"@id\":\"https:\\\/\\\/brrvisuals.es\\\/#website\",\"url\":\"https:\\\/\\\/brrvisuals.es\\\/\",\"name\":\"BVISUALS\",\"description\":\"Soy un arquitecto especializado en visualizaci\u00f3n 3D de proyectos de arquitectura, dise\u00f1o y producto\",\"publisher\":{\"@id\":\"https:\\\/\\\/brrvisuals.es\\\/#organization\"},\"potentialAction\":[{\"@type\":\"SearchAction\",\"target\":{\"@type\":\"EntryPoint\",\"urlTemplate\":\"https:\\\/\\\/brrvisuals.es\\\/?s={search_term_string}\"},\"query-input\":{\"@type\":\"PropertyValueSpecification\",\"valueRequired\":true,\"valueName\":\"search_term_string\"}}],\"inLanguage\":\"en-US\"},{\"@type\":\"Organization\",\"@id\":\"https:\\\/\\\/brrvisuals.es\\\/#organization\",\"name\":\"BVISUALS\",\"url\":\"https:\\\/\\\/brrvisuals.es\\\/\",\"logo\":{\"@type\":\"ImageObject\",\"inLanguage\":\"en-US\",\"@id\":\"https:\\\/\\\/brrvisuals.es\\\/#\\\/schema\\\/logo\\\/image\\\/\",\"url\":\"https:\\\/\\\/brrvisuals.es\\\/wp-content\\\/uploads\\\/2025\\\/05\\\/cropped-bvisuals-scaled-1.png\",\"contentUrl\":\"https:\\\/\\\/brrvisuals.es\\\/wp-content\\\/uploads\\\/2025\\\/05\\\/cropped-bvisuals-scaled-1.png\",\"width\":1884,\"height\":459,\"caption\":\"BVISUALS\"},\"image\":{\"@id\":\"https:\\\/\\\/brrvisuals.es\\\/#\\\/schema\\\/logo\\\/image\\\/\"}}]}<\/script>\n<!-- \/ Yoast SEO plugin. -->","yoast_head_json":{"title":"INICIO - BVISUALS","robots":{"index":"index","follow":"follow","max-snippet":"max-snippet:-1","max-image-preview":"max-image-preview:large","max-video-preview":"max-video-preview:-1"},"canonical":"https:\/\/brrvisuals.es\/en\/","og_locale":"en_US","og_type":"article","og_title":"INICIO - BVISUALS","og_description":"Sobre BVISUALS Conocenos En bvisuals te ayudamos a contar tus proyectos a trav\u00e9s de im\u00e1genes impactantes.Somos arquitectos especializados en visualizaci\u00f3n 3D, tanto de arquitectura comoproducto.Trabajamos mano a mano con estudios de arquitectura y diferentes profesionales paralograr transmitir el alma de sus proyectos e ideas a trav\u00e9s de nuestras im\u00e1genes.","og_url":"https:\/\/brrvisuals.es\/en\/","og_site_name":"BVISUALS","article_modified_time":"2025-05-02T08:57:44+00:00","og_image":[{"url":"https:\/\/brrvisuals.es\/wp-content\/uploads\/elementor\/thumbs\/BVisualschimenea-r2rdn2oou5ys6wniw54iqi2hphav8hn0x54ps8zl3c.jpg","type":"","width":"","height":""}],"twitter_card":"summary_large_image","twitter_misc":{"Est. reading time":"4 minutes"},"schema":{"@context":"https:\/\/schema.org","@graph":[{"@type":"WebPage","@id":"https:\/\/brrvisuals.es\/","url":"https:\/\/brrvisuals.es\/","name":"INICIO - BVISUALS","isPartOf":{"@id":"https:\/\/brrvisuals.es\/#website"},"primaryImageOfPage":{"@id":"https:\/\/brrvisuals.es\/#primaryimage"},"image":{"@id":"https:\/\/brrvisuals.es\/#primaryimage"},"thumbnailUrl":"https:\/\/brrvisuals.es\/wp-content\/uploads\/elementor\/thumbs\/BVisualschimenea-r2rdn2oou5ys6wniw54iqi2hphav8hn0x54ps8zl3c.jpg","datePublished":"2025-03-12T14:36:08+00:00","dateModified":"2025-05-02T08:57:44+00:00","breadcrumb":{"@id":"https:\/\/brrvisuals.es\/#breadcrumb"},"inLanguage":"en-US","potentialAction":[{"@type":"ReadAction","target":["https:\/\/brrvisuals.es\/"]}]},{"@type":"ImageObject","inLanguage":"en-US","@id":"https:\/\/brrvisuals.es\/#primaryimage","url":"https:\/\/brrvisuals.es\/wp-content\/uploads\/elementor\/thumbs\/BVisualschimenea-r2rdn2oou5ys6wniw54iqi2hphav8hn0x54ps8zl3c.jpg","contentUrl":"https:\/\/brrvisuals.es\/wp-content\/uploads\/elementor\/thumbs\/BVisualschimenea-r2rdn2oou5ys6wniw54iqi2hphav8hn0x54ps8zl3c.jpg"},{"@type":"BreadcrumbList","@id":"https:\/\/brrvisuals.es\/#breadcrumb","itemListElement":[{"@type":"ListItem","position":1,"name":"Portada","item":"https:\/\/brrvisuals.es\/"},{"@type":"ListItem","position":2,"name":"INICIO"}]},{"@type":"WebSite","@id":"https:\/\/brrvisuals.es\/#website","url":"https:\/\/brrvisuals.es\/","name":"BVISUALS","description":"Soy un arquitecto especializado en visualizaci\u00f3n 3D de proyectos de arquitectura, dise\u00f1o y producto","publisher":{"@id":"https:\/\/brrvisuals.es\/#organization"},"potentialAction":[{"@type":"SearchAction","target":{"@type":"EntryPoint","urlTemplate":"https:\/\/brrvisuals.es\/?s={search_term_string}"},"query-input":{"@type":"PropertyValueSpecification","valueRequired":true,"valueName":"search_term_string"}}],"inLanguage":"en-US"},{"@type":"Organization","@id":"https:\/\/brrvisuals.es\/#organization","name":"BVISUALS","url":"https:\/\/brrvisuals.es\/","logo":{"@type":"ImageObject","inLanguage":"en-US","@id":"https:\/\/brrvisuals.es\/#\/schema\/logo\/image\/","url":"https:\/\/brrvisuals.es\/wp-content\/uploads\/2025\/05\/cropped-bvisuals-scaled-1.png","contentUrl":"https:\/\/brrvisuals.es\/wp-content\/uploads\/2025\/05\/cropped-bvisuals-scaled-1.png","width":1884,"height":459,"caption":"BVISUALS"},"image":{"@id":"https:\/\/brrvisuals.es\/#\/schema\/logo\/image\/"}}]}},"_links":{"self":[{"href":"https:\/\/brrvisuals.es\/en\/wp-json\/wp\/v2\/pages\/23","targetHints":{"allow":["GET"]}}],"collection":[{"href":"https:\/\/brrvisuals.es\/en\/wp-json\/wp\/v2\/pages"}],"about":[{"href":"https:\/\/brrvisuals.es\/en\/wp-json\/wp\/v2\/types\/page"}],"author":[{"embeddable":true,"href":"https:\/\/brrvisuals.es\/en\/wp-json\/wp\/v2\/users\/1"}],"replies":[{"embeddable":true,"href":"https:\/\/brrvisuals.es\/en\/wp-json\/wp\/v2\/comments?post=23"}],"version-history":[{"count":201,"href":"https:\/\/brrvisuals.es\/en\/wp-json\/wp\/v2\/pages\/23\/revisions"}],"predecessor-version":[{"id":602,"href":"https:\/\/brrvisuals.es\/en\/wp-json\/wp\/v2\/pages\/23\/revisions\/602"}],"wp:attachment":[{"href":"https:\/\/brrvisuals.es\/en\/wp-json\/wp\/v2\/media?parent=23"}],"curies":[{"name":"wp","href":"https:\/\/api.w.org\/{rel}","templated":true}]}}