{"id":27,"date":"2025-03-12T14:37:03","date_gmt":"2025-03-12T14:37:03","guid":{"rendered":"https:\/\/bvisuals.rkinformatika.online\/?page_id=27"},"modified":"2025-05-02T08:09:57","modified_gmt":"2025-05-02T08:09:57","slug":"proyectos","status":"publish","type":"page","link":"https:\/\/brrvisuals.es\/en\/proyectos\/","title":{"rendered":"PROJECTS"},"content":{"rendered":"<div data-elementor-type=\"wp-post\" data-elementor-id=\"27\" class=\"elementor elementor-27\" data-elementor-post-type=\"page\">\n\t\t\t\t<div class=\"elementor-element elementor-element-e32e304 e-flex e-con-boxed e-con e-parent\" data-id=\"e32e304\" data-element_type=\"container\" data-e-type=\"container\">\n\t\t\t\t\t<div class=\"e-con-inner\">\n\t\t\t\t<div class=\"elementor-element elementor-element-179241b elementor-widget elementor-widget-heading\" data-id=\"179241b\" data-element_type=\"widget\" data-e-type=\"widget\" data-widget_type=\"heading.default\">\n\t\t\t\t<div class=\"elementor-widget-container\">\n\t\t\t\t\t<h3 class=\"elementor-heading-title elementor-size-default\">Nuestros Proyectos<\/h3>\t\t\t\t<\/div>\n\t\t\t\t<\/div>\n\t\t\t\t\t<\/div>\n\t\t\t\t<\/div>\n\t\t<div class=\"elementor-element elementor-element-bdd7926 e-flex e-con-boxed e-con e-parent\" data-id=\"bdd7926\" data-element_type=\"container\" data-e-type=\"container\">\n\t\t\t\t\t<div class=\"e-con-inner\">\n\t\t<div class=\"elementor-element elementor-element-11872a2 e-con-full e-flex e-con e-child\" data-id=\"11872a2\" data-element_type=\"container\" data-e-type=\"container\">\n\t\t\t\t<div class=\"elementor-element elementor-element-702a02d elementor-widget elementor-widget-image\" data-id=\"702a02d\" data-element_type=\"widget\" data-e-type=\"widget\" data-widget_type=\"image.default\">\n\t\t\t\t<div class=\"elementor-widget-container\">\n\t\t\t\t\t\t\t\t\t\t\t\t\t\t\t<img decoding=\"async\" src=\"https:\/\/brrvisuals.es\/wp-content\/uploads\/elementor\/thumbs\/bvisualscocina1-r2sj5bqbbthemw64ijgqzxkxtmbsmmpoozzfgng3ns.jpg\" title=\"bvisualscocina1\" alt=\"bvisualscocina1\" loading=\"lazy\" \/>\t\t\t\t\t\t\t\t\t\t\t\t\t\t\t<\/div>\n\t\t\t\t<\/div>\n\t\t\t\t<\/div>\n\t\t<div class=\"elementor-element elementor-element-0384088 e-con-full e-flex e-con e-child\" data-id=\"0384088\" data-element_type=\"container\" data-e-type=\"container\" data-settings=\"{&quot;background_background&quot;:&quot;classic&quot;}\">\n\t\t\t\t<div class=\"elementor-element elementor-element-b461c0a elementor-widget elementor-widget-text-editor\" data-id=\"b461c0a\" data-element_type=\"widget\" data-e-type=\"widget\" data-widget_type=\"text-editor.default\">\n\t\t\t\t<div class=\"elementor-widget-container\">\n\t\t\t\t\t\t\t\t\t<p><strong>IM\u00c1GENES INTERIORES<\/strong><\/p><p>Representaci\u00f3n fotorrealista de espacios interiores, capturando el alma de cada proyecto,<br \/>destacando la iluminaci\u00f3n, materialidad y detalles arquitect\u00f3nicos.<\/p>\t\t\t\t\t\t\t\t<\/div>\n\t\t\t\t<\/div>\n\t\t\t\t<\/div>\n\t\t\t\t\t<\/div>\n\t\t\t\t<\/div>\n\t\t<div class=\"elementor-element elementor-element-ed2907d e-flex e-con-boxed e-con e-parent\" data-id=\"ed2907d\" data-element_type=\"container\" data-e-type=\"container\">\n\t\t\t\t\t<div class=\"e-con-inner\">\n\t\t<div class=\"elementor-element elementor-element-f23a144 e-con-full e-flex e-con e-child\" data-id=\"f23a144\" data-element_type=\"container\" data-e-type=\"container\">\n\t\t\t\t<div class=\"elementor-element elementor-element-34c31f0 elementor-widget elementor-widget-image\" data-id=\"34c31f0\" data-element_type=\"widget\" data-e-type=\"widget\" data-widget_type=\"image.default\">\n\t\t\t\t<div class=\"elementor-widget-container\">\n\t\t\t\t\t\t\t\t\t\t\t\t\t\t\t<img decoding=\"async\" src=\"https:\/\/brrvisuals.es\/wp-content\/uploads\/elementor\/thumbs\/bvisualscasa4-r2re42lmfb8g51yomzmnbpnkfbitfg4a99tt7dsako.jpg\" title=\"bvisualscasa4\" alt=\"bvisualscasa4\" loading=\"lazy\" \/>\t\t\t\t\t\t\t\t\t\t\t\t\t\t\t<\/div>\n\t\t\t\t<\/div>\n\t\t\t\t<\/div>\n\t\t<div class=\"elementor-element elementor-element-abc76dd e-con-full e-flex e-con e-child\" data-id=\"abc76dd\" data-element_type=\"container\" data-e-type=\"container\">\n\t\t\t\t<div class=\"elementor-element elementor-element-f806673 elementor-widget elementor-widget-text-editor\" data-id=\"f806673\" data-element_type=\"widget\" data-e-type=\"widget\" data-widget_type=\"text-editor.default\">\n\t\t\t\t<div class=\"elementor-widget-container\">\n\t\t\t\t\t\t\t\t\t<p><strong>IM\u00c1GENES EXTERIORES<\/strong><\/p><p>Visualizaci\u00f3n de proyectos de arquitectura e intervenciones urban\u00edsticas integrados en su<br \/>entorno real.<\/p>\t\t\t\t\t\t\t\t<\/div>\n\t\t\t\t<\/div>\n\t\t\t\t<\/div>\n\t\t\t\t\t<\/div>\n\t\t\t\t<\/div>\n\t\t<div class=\"elementor-element elementor-element-dc4d4b1 e-flex e-con-boxed e-con e-parent\" data-id=\"dc4d4b1\" data-element_type=\"container\" data-e-type=\"container\">\n\t\t\t\t\t<div class=\"e-con-inner\">\n\t\t<div class=\"elementor-element elementor-element-2b97c1d e-con-full e-flex e-con e-child\" data-id=\"2b97c1d\" data-element_type=\"container\" data-e-type=\"container\">\n\t\t\t\t<div class=\"elementor-element elementor-element-dd03c3a elementor-widget elementor-widget-image\" data-id=\"dd03c3a\" data-element_type=\"widget\" data-e-type=\"widget\" data-widget_type=\"image.default\">\n\t\t\t\t<div class=\"elementor-widget-container\">\n\t\t\t\t\t\t\t\t\t\t\t\t\t\t\t<img decoding=\"async\" src=\"https:\/\/brrvisuals.es\/wp-content\/uploads\/elementor\/thumbs\/bvisualsrecorrido2-r2sjkmjqkqffmdy165k4l2l1xewvx9ge4q9yosredk.jpg\" title=\"bvisualsrecorrido2\" alt=\"bvisualsrecorrido2\" loading=\"lazy\" \/>\t\t\t\t\t\t\t\t\t\t\t\t\t\t\t<\/div>\n\t\t\t\t<\/div>\n\t\t\t\t<\/div>\n\t\t<div class=\"elementor-element elementor-element-fec12dc e-con-full e-flex e-con e-child\" data-id=\"fec12dc\" data-element_type=\"container\" data-e-type=\"container\">\n\t\t\t\t<div class=\"elementor-element elementor-element-46fd44a elementor-widget elementor-widget-text-editor\" data-id=\"46fd44a\" data-element_type=\"widget\" data-e-type=\"widget\" data-widget_type=\"text-editor.default\">\n\t\t\t\t<div class=\"elementor-widget-container\">\n\t\t\t\t\t\t\t\t\t<p><strong>RECORRIDO VIRTUAL<\/strong><\/p><p>Experiencias inmersivas donde navegar libremente por el espacio proyectado y lograr<br \/>transmitir tu idea a trav\u00e9s de un entorno virtual<\/p>\t\t\t\t\t\t\t\t<\/div>\n\t\t\t\t<\/div>\n\t\t\t\t<\/div>\n\t\t\t\t\t<\/div>\n\t\t\t\t<\/div>\n\t\t<div class=\"elementor-element elementor-element-bf13753 e-flex e-con-boxed e-con e-parent\" data-id=\"bf13753\" data-element_type=\"container\" data-e-type=\"container\">\n\t\t\t\t\t<div class=\"e-con-inner\">\n\t\t<div class=\"elementor-element elementor-element-7294b82 e-con-full e-flex e-con e-child\" data-id=\"7294b82\" data-element_type=\"container\" data-e-type=\"container\">\n\t\t\t\t<div class=\"elementor-element elementor-element-2e221a0 elementor-widget elementor-widget-image\" data-id=\"2e221a0\" data-element_type=\"widget\" data-e-type=\"widget\" data-widget_type=\"image.default\">\n\t\t\t\t<div class=\"elementor-widget-container\">\n\t\t\t\t\t\t\t\t\t\t\t\t\t\t\t<img decoding=\"async\" src=\"https:\/\/brrvisuals.es\/wp-content\/uploads\/elementor\/thumbs\/suitebvisuals-r2sk006oe5hbkpludavdvovjtd42uziakuiycryiko.jpeg\" title=\"suitebvisuals\" alt=\"suitebvisuals\" loading=\"lazy\" \/>\t\t\t\t\t\t\t\t\t\t\t\t\t\t\t<\/div>\n\t\t\t\t<\/div>\n\t\t\t\t<\/div>\n\t\t<div class=\"elementor-element elementor-element-c28bc26 e-con-full e-flex e-con e-child\" data-id=\"c28bc26\" data-element_type=\"container\" data-e-type=\"container\">\n\t\t\t\t<div class=\"elementor-element elementor-element-866962d elementor-widget elementor-widget-text-editor\" data-id=\"866962d\" data-element_type=\"widget\" data-e-type=\"widget\" data-widget_type=\"text-editor.default\">\n\t\t\t\t<div class=\"elementor-widget-container\">\n\t\t\t\t\t\t\t\t\t<p><strong>CONCURSOS<\/strong><\/p><p>Im\u00e1genes impactantes que logren transmitir la propuesta en concursos de arquitectura,<br \/>tanto residencial como urban\u00edstica. Una imagen impactante influye en la aceptaci\u00f3n de<br \/>una propuesta.<\/p>\t\t\t\t\t\t\t\t<\/div>\n\t\t\t\t<\/div>\n\t\t\t\t<\/div>\n\t\t\t\t\t<\/div>\n\t\t\t\t<\/div>\n\t\t\t\t<\/div>","protected":false},"excerpt":{"rendered":"<p>Nuestros Proyectos IM\u00c1GENES INTERIORES Representaci\u00f3n fotorrealista de espacios interiores, capturando el alma de cada proyecto,destacando la iluminaci\u00f3n, materialidad y detalles arquitect\u00f3nicos. IM\u00c1GENES EXTERIORES Visualizaci\u00f3n de proyectos de arquitectura e intervenciones urban\u00edsticas integrados en suentorno real. RECORRIDO VIRTUAL Experiencias inmersivas donde navegar libremente por el espacio proyectado y logrartransmitir tu idea a trav\u00e9s de un entorno [&hellip;]<\/p>\n","protected":false},"author":1,"featured_media":0,"parent":0,"menu_order":0,"comment_status":"closed","ping_status":"closed","template":"elementor_canvas","meta":{"footnotes":""},"class_list":["post-27","page","type-page","status-publish","hentry"],"yoast_head":"<!-- This site is optimized with the Yoast SEO plugin v27.4 - https:\/\/yoast.com\/product\/yoast-seo-wordpress\/ -->\n<title>PROYECTOS - BVISUALS<\/title>\n<meta name=\"robots\" content=\"index, follow, max-snippet:-1, max-image-preview:large, max-video-preview:-1\" \/>\n<link rel=\"canonical\" href=\"https:\/\/brrvisuals.es\/en\/proyectos\/\" \/>\n<meta property=\"og:locale\" content=\"en_US\" \/>\n<meta property=\"og:type\" content=\"article\" \/>\n<meta property=\"og:title\" content=\"PROYECTOS - BVISUALS\" \/>\n<meta property=\"og:description\" content=\"Nuestros Proyectos IM\u00c1GENES INTERIORES Representaci\u00f3n fotorrealista de espacios interiores, capturando el alma de cada proyecto,destacando la iluminaci\u00f3n, materialidad y detalles arquitect\u00f3nicos. IM\u00c1GENES EXTERIORES Visualizaci\u00f3n de proyectos de arquitectura e intervenciones urban\u00edsticas integrados en suentorno real. RECORRIDO VIRTUAL Experiencias inmersivas donde navegar libremente por el espacio proyectado y logrartransmitir tu idea a trav\u00e9s de un entorno [&hellip;]\" \/>\n<meta property=\"og:url\" content=\"https:\/\/brrvisuals.es\/en\/proyectos\/\" \/>\n<meta property=\"og:site_name\" content=\"BVISUALS\" \/>\n<meta property=\"article:modified_time\" content=\"2025-05-02T08:09:57+00:00\" \/>\n<meta property=\"og:image\" content=\"https:\/\/brrvisuals.es\/wp-content\/uploads\/elementor\/thumbs\/bvisualscocina1-r2sj5bqbbthemw64ijgqzxkxtmbsmmpoozzfgng3ns.jpg\" \/>\n<meta name=\"twitter:card\" content=\"summary_large_image\" \/>\n<meta name=\"twitter:label1\" content=\"Est. reading time\" \/>\n\t<meta name=\"twitter:data1\" content=\"2 minutes\" \/>\n<script type=\"application\/ld+json\" class=\"yoast-schema-graph\">{\"@context\":\"https:\\\/\\\/schema.org\",\"@graph\":[{\"@type\":\"WebPage\",\"@id\":\"https:\\\/\\\/brrvisuals.es\\\/proyectos\\\/\",\"url\":\"https:\\\/\\\/brrvisuals.es\\\/proyectos\\\/\",\"name\":\"PROYECTOS - BVISUALS\",\"isPartOf\":{\"@id\":\"https:\\\/\\\/brrvisuals.es\\\/#website\"},\"primaryImageOfPage\":{\"@id\":\"https:\\\/\\\/brrvisuals.es\\\/proyectos\\\/#primaryimage\"},\"image\":{\"@id\":\"https:\\\/\\\/brrvisuals.es\\\/proyectos\\\/#primaryimage\"},\"thumbnailUrl\":\"https:\\\/\\\/brrvisuals.es\\\/wp-content\\\/uploads\\\/elementor\\\/thumbs\\\/bvisualscocina1-r2sj5bqbbthemw64ijgqzxkxtmbsmmpoozzfgng3ns.jpg\",\"datePublished\":\"2025-03-12T14:37:03+00:00\",\"dateModified\":\"2025-05-02T08:09:57+00:00\",\"breadcrumb\":{\"@id\":\"https:\\\/\\\/brrvisuals.es\\\/proyectos\\\/#breadcrumb\"},\"inLanguage\":\"en-US\",\"potentialAction\":[{\"@type\":\"ReadAction\",\"target\":[\"https:\\\/\\\/brrvisuals.es\\\/proyectos\\\/\"]}]},{\"@type\":\"ImageObject\",\"inLanguage\":\"en-US\",\"@id\":\"https:\\\/\\\/brrvisuals.es\\\/proyectos\\\/#primaryimage\",\"url\":\"https:\\\/\\\/brrvisuals.es\\\/wp-content\\\/uploads\\\/elementor\\\/thumbs\\\/bvisualscocina1-r2sj5bqbbthemw64ijgqzxkxtmbsmmpoozzfgng3ns.jpg\",\"contentUrl\":\"https:\\\/\\\/brrvisuals.es\\\/wp-content\\\/uploads\\\/elementor\\\/thumbs\\\/bvisualscocina1-r2sj5bqbbthemw64ijgqzxkxtmbsmmpoozzfgng3ns.jpg\"},{\"@type\":\"BreadcrumbList\",\"@id\":\"https:\\\/\\\/brrvisuals.es\\\/proyectos\\\/#breadcrumb\",\"itemListElement\":[{\"@type\":\"ListItem\",\"position\":1,\"name\":\"Portada\",\"item\":\"https:\\\/\\\/brrvisuals.es\\\/\"},{\"@type\":\"ListItem\",\"position\":2,\"name\":\"PROYECTOS\"}]},{\"@type\":\"WebSite\",\"@id\":\"https:\\\/\\\/brrvisuals.es\\\/#website\",\"url\":\"https:\\\/\\\/brrvisuals.es\\\/\",\"name\":\"BVISUALS\",\"description\":\"Soy un arquitecto especializado en visualizaci\u00f3n 3D de proyectos de arquitectura, dise\u00f1o y producto\",\"publisher\":{\"@id\":\"https:\\\/\\\/brrvisuals.es\\\/#organization\"},\"potentialAction\":[{\"@type\":\"SearchAction\",\"target\":{\"@type\":\"EntryPoint\",\"urlTemplate\":\"https:\\\/\\\/brrvisuals.es\\\/?s={search_term_string}\"},\"query-input\":{\"@type\":\"PropertyValueSpecification\",\"valueRequired\":true,\"valueName\":\"search_term_string\"}}],\"inLanguage\":\"en-US\"},{\"@type\":\"Organization\",\"@id\":\"https:\\\/\\\/brrvisuals.es\\\/#organization\",\"name\":\"BVISUALS\",\"url\":\"https:\\\/\\\/brrvisuals.es\\\/\",\"logo\":{\"@type\":\"ImageObject\",\"inLanguage\":\"en-US\",\"@id\":\"https:\\\/\\\/brrvisuals.es\\\/#\\\/schema\\\/logo\\\/image\\\/\",\"url\":\"https:\\\/\\\/brrvisuals.es\\\/wp-content\\\/uploads\\\/2025\\\/05\\\/cropped-bvisuals-scaled-1.png\",\"contentUrl\":\"https:\\\/\\\/brrvisuals.es\\\/wp-content\\\/uploads\\\/2025\\\/05\\\/cropped-bvisuals-scaled-1.png\",\"width\":1884,\"height\":459,\"caption\":\"BVISUALS\"},\"image\":{\"@id\":\"https:\\\/\\\/brrvisuals.es\\\/#\\\/schema\\\/logo\\\/image\\\/\"}}]}<\/script>\n<!-- \/ Yoast SEO plugin. -->","yoast_head_json":{"title":"PROYECTOS - BVISUALS","robots":{"index":"index","follow":"follow","max-snippet":"max-snippet:-1","max-image-preview":"max-image-preview:large","max-video-preview":"max-video-preview:-1"},"canonical":"https:\/\/brrvisuals.es\/en\/proyectos\/","og_locale":"en_US","og_type":"article","og_title":"PROYECTOS - BVISUALS","og_description":"Nuestros Proyectos IM\u00c1GENES INTERIORES Representaci\u00f3n fotorrealista de espacios interiores, capturando el alma de cada proyecto,destacando la iluminaci\u00f3n, materialidad y detalles arquitect\u00f3nicos. IM\u00c1GENES EXTERIORES Visualizaci\u00f3n de proyectos de arquitectura e intervenciones urban\u00edsticas integrados en suentorno real. RECORRIDO VIRTUAL Experiencias inmersivas donde navegar libremente por el espacio proyectado y logrartransmitir tu idea a trav\u00e9s de un entorno [&hellip;]","og_url":"https:\/\/brrvisuals.es\/en\/proyectos\/","og_site_name":"BVISUALS","article_modified_time":"2025-05-02T08:09:57+00:00","og_image":[{"url":"https:\/\/brrvisuals.es\/wp-content\/uploads\/elementor\/thumbs\/bvisualscocina1-r2sj5bqbbthemw64ijgqzxkxtmbsmmpoozzfgng3ns.jpg","type":"","width":"","height":""}],"twitter_card":"summary_large_image","twitter_misc":{"Est. reading time":"2 minutes"},"schema":{"@context":"https:\/\/schema.org","@graph":[{"@type":"WebPage","@id":"https:\/\/brrvisuals.es\/proyectos\/","url":"https:\/\/brrvisuals.es\/proyectos\/","name":"PROYECTOS - BVISUALS","isPartOf":{"@id":"https:\/\/brrvisuals.es\/#website"},"primaryImageOfPage":{"@id":"https:\/\/brrvisuals.es\/proyectos\/#primaryimage"},"image":{"@id":"https:\/\/brrvisuals.es\/proyectos\/#primaryimage"},"thumbnailUrl":"https:\/\/brrvisuals.es\/wp-content\/uploads\/elementor\/thumbs\/bvisualscocina1-r2sj5bqbbthemw64ijgqzxkxtmbsmmpoozzfgng3ns.jpg","datePublished":"2025-03-12T14:37:03+00:00","dateModified":"2025-05-02T08:09:57+00:00","breadcrumb":{"@id":"https:\/\/brrvisuals.es\/proyectos\/#breadcrumb"},"inLanguage":"en-US","potentialAction":[{"@type":"ReadAction","target":["https:\/\/brrvisuals.es\/proyectos\/"]}]},{"@type":"ImageObject","inLanguage":"en-US","@id":"https:\/\/brrvisuals.es\/proyectos\/#primaryimage","url":"https:\/\/brrvisuals.es\/wp-content\/uploads\/elementor\/thumbs\/bvisualscocina1-r2sj5bqbbthemw64ijgqzxkxtmbsmmpoozzfgng3ns.jpg","contentUrl":"https:\/\/brrvisuals.es\/wp-content\/uploads\/elementor\/thumbs\/bvisualscocina1-r2sj5bqbbthemw64ijgqzxkxtmbsmmpoozzfgng3ns.jpg"},{"@type":"BreadcrumbList","@id":"https:\/\/brrvisuals.es\/proyectos\/#breadcrumb","itemListElement":[{"@type":"ListItem","position":1,"name":"Portada","item":"https:\/\/brrvisuals.es\/"},{"@type":"ListItem","position":2,"name":"PROYECTOS"}]},{"@type":"WebSite","@id":"https:\/\/brrvisuals.es\/#website","url":"https:\/\/brrvisuals.es\/","name":"BVISUALS","description":"Soy un arquitecto especializado en visualizaci\u00f3n 3D de proyectos de arquitectura, dise\u00f1o y producto","publisher":{"@id":"https:\/\/brrvisuals.es\/#organization"},"potentialAction":[{"@type":"SearchAction","target":{"@type":"EntryPoint","urlTemplate":"https:\/\/brrvisuals.es\/?s={search_term_string}"},"query-input":{"@type":"PropertyValueSpecification","valueRequired":true,"valueName":"search_term_string"}}],"inLanguage":"en-US"},{"@type":"Organization","@id":"https:\/\/brrvisuals.es\/#organization","name":"BVISUALS","url":"https:\/\/brrvisuals.es\/","logo":{"@type":"ImageObject","inLanguage":"en-US","@id":"https:\/\/brrvisuals.es\/#\/schema\/logo\/image\/","url":"https:\/\/brrvisuals.es\/wp-content\/uploads\/2025\/05\/cropped-bvisuals-scaled-1.png","contentUrl":"https:\/\/brrvisuals.es\/wp-content\/uploads\/2025\/05\/cropped-bvisuals-scaled-1.png","width":1884,"height":459,"caption":"BVISUALS"},"image":{"@id":"https:\/\/brrvisuals.es\/#\/schema\/logo\/image\/"}}]}},"_links":{"self":[{"href":"https:\/\/brrvisuals.es\/en\/wp-json\/wp\/v2\/pages\/27","targetHints":{"allow":["GET"]}}],"collection":[{"href":"https:\/\/brrvisuals.es\/en\/wp-json\/wp\/v2\/pages"}],"about":[{"href":"https:\/\/brrvisuals.es\/en\/wp-json\/wp\/v2\/types\/page"}],"author":[{"embeddable":true,"href":"https:\/\/brrvisuals.es\/en\/wp-json\/wp\/v2\/users\/1"}],"replies":[{"embeddable":true,"href":"https:\/\/brrvisuals.es\/en\/wp-json\/wp\/v2\/comments?post=27"}],"version-history":[{"count":70,"href":"https:\/\/brrvisuals.es\/en\/wp-json\/wp\/v2\/pages\/27\/revisions"}],"predecessor-version":[{"id":583,"href":"https:\/\/brrvisuals.es\/en\/wp-json\/wp\/v2\/pages\/27\/revisions\/583"}],"wp:attachment":[{"href":"https:\/\/brrvisuals.es\/en\/wp-json\/wp\/v2\/media?parent=27"}],"curies":[{"name":"wp","href":"https:\/\/api.w.org\/{rel}","templated":true}]}}